{"id":15,"date":"2015-09-17T16:13:55","date_gmt":"2015-09-17T14:13:55","guid":{"rendered":"http:\/\/sandra-schluzy.de\/cms\/?page_id=15"},"modified":"2025-02-06T18:58:17","modified_gmt":"2025-02-06T17:58:17","slug":"willkommen","status":"publish","type":"page","link":"http:\/\/sandra-schluzy.de\/cms\/","title":{"rendered":"Willkommen"},"content":{"rendered":"\n<div class=\"wp-block-media-text alignwide is-stacked-on-mobile has-white-background-color has-background\"><figure class=\"wp-block-media-text__media\"><img alt=\"\"\/><\/figure><div class=\"wp-block-media-text__content\">\n<p><\/p>\n<\/div><\/div>\n\n\n\n<pre class=\"wp-block-preformatted\">In meiner ganzheitlichen Wohlf\u00fchlpraxis stehen Ihr Wohlbefinden und Ihre Gesundheit im Mittelpunkt.In einer harmonischen und einladenden Atmosph\u00e4re biete ich Ihnen verschiedene Behandlungen und Therapien an, die darauf abzielen, K\u00f6rper, Geist und Seele in Einklang zu bringen. Ich begleite Sie auf Ihrem Weg zu mehr Entspannung, Vitalit\u00e4t und innerer Balance. Egal, ob Sie Stress abbauen, Schmerzen lindern oder einfach nur eine Auszeit vom Alltag nehmen m\u00f6chten - ich habe die passenden Angebote f\u00fcr Sie. \nLassen Sie sich bei mir verw\u00f6hnen und entdecken Sie, wie wohltuend es sein kann, sich Zeit f\u00fcr sich selbst zu nehmen. \nIch freue mich darauf, Sie in meiner ganzheitlichen Wohlf\u00fchlpraxis willkommen zu hei\u00dfen und gemeinsam mit Ihnen an Ihrem Wohlbefinden zu arbeiten.\n\n\n\n<em>Heute wird ein guter Tag! Denn ich habe mich entschieden gl\u00fccklich zu sein.\n<a href=\"http:\/\/sandra-schluzy.de\/cms\/wp-content\/uploads\/2025\/02\/IMG-20250206-WA0027.jpg\"><img decoding=\"async\" loading=\"lazy\" width=\"225\" height=\"300\" class=\"alignright size-medium wp-image-205\" src=\"http:\/\/sandra-schluzy.de\/cms\/wp-content\/uploads\/2025\/02\/IMG-20250206-WA0027-225x300.jpg\" alt=\"\" srcset=\"http:\/\/sandra-schluzy.de\/cms\/wp-content\/uploads\/2025\/02\/IMG-20250206-WA0027-225x300.jpg 225w, http:\/\/sandra-schluzy.de\/cms\/wp-content\/uploads\/2025\/02\/IMG-20250206-WA0027-768x1024.jpg 768w, http:\/\/sandra-schluzy.de\/cms\/wp-content\/uploads\/2025\/02\/IMG-20250206-WA0027-1152x1536.jpg 1152w, http:\/\/sandra-schluzy.de\/cms\/wp-content\/uploads\/2025\/02\/IMG-20250206-WA0027.jpg 1200w\" sizes=\"(max-width: 225px) 100vw, 225px\" \/><\/a>\n<\/em>\n\n\n<\/pre>\n\n\n\n<!--more-->\n\n\n\n<ul class=\"is-layout-flex wp-block-social-links has-icon-color has-icon-background-color\"><li style=\"color: #ffffff; background-color: #3962e3; \" class=\"wp-social-link wp-social-link-wordpress wp-block-social-link\"><a href=\"https:\/\/wordpress.org\"  class=\"wp-block-social-link-anchor\"><svg width=\"24\" height=\"24\" viewBox=\"0 0 24 24\" version=\"1.1\" xmlns=\"http:\/\/www.w3.org\/2000\/svg\" aria-hidden=\"true\" focusable=\"false\"><path d=\"M12.158,12.786L9.46,20.625c0.806,0.237,1.657,0.366,2.54,0.366c1.047,0,2.051-0.181,2.986-0.51 c-0.024-0.038-0.046-0.079-0.065-0.124L12.158,12.786z M3.009,12c0,3.559,2.068,6.634,5.067,8.092L3.788,8.341 C3.289,9.459,3.009,10.696,3.009,12z M18.069,11.546c0-1.112-0.399-1.881-0.741-2.48c-0.456-0.741-0.883-1.368-0.883-2.109 c0-0.826,0.627-1.596,1.51-1.596c0.04,0,0.078,0.005,0.116,0.007C16.472,3.904,14.34,3.009,12,3.009 c-3.141,0-5.904,1.612-7.512,4.052c0.211,0.007,0.41,0.011,0.579,0.011c0.94,0,2.396-0.114,2.396-0.114 C7.947,6.93,8.004,7.642,7.52,7.699c0,0-0.487,0.057-1.029,0.085l3.274,9.739l1.968-5.901l-1.401-3.838 C9.848,7.756,9.389,7.699,9.389,7.699C8.904,7.67,8.961,6.93,9.446,6.958c0,0,1.484,0.114,2.368,0.114 c0.94,0,2.397-0.114,2.397-0.114c0.485-0.028,0.542,0.684,0.057,0.741c0,0-0.488,0.057-1.029,0.085l3.249,9.665l0.897-2.996 C17.841,13.284,18.069,12.316,18.069,11.546z M19.889,7.686c0.039,0.286,0.06,0.593,0.06,0.924c0,0.912-0.171,1.938-0.684,3.22 l-2.746,7.94c2.673-1.558,4.47-4.454,4.47-7.771C20.991,10.436,20.591,8.967,19.889,7.686z M12,22C6.486,22,2,17.514,2,12 C2,6.486,6.486,2,12,2c5.514,0,10,4.486,10,10C22,17.514,17.514,22,12,22z\"><\/path><\/svg><span class=\"wp-block-social-link-label screen-reader-text\">WordPress<\/span><\/a><\/li>\n\n<li style=\"color: #ffffff; background-color: #3962e3; \" class=\"wp-social-link wp-social-link-chain wp-block-social-link\"><a href=\"https:\/\/#\"  class=\"wp-block-social-link-anchor\"><svg width=\"24\" height=\"24\" viewBox=\"0 0 24 24\" version=\"1.1\" xmlns=\"http:\/\/www.w3.org\/2000\/svg\" aria-hidden=\"true\" focusable=\"false\"><path d=\"M19.647,16.706a1.134,1.134,0,0,0-.343-.833l-2.549-2.549a1.134,1.134,0,0,0-.833-.343,1.168,1.168,0,0,0-.883.392l.233.226q.2.189.264.264a2.922,2.922,0,0,1,.184.233.986.986,0,0,1,.159.312,1.242,1.242,0,0,1,.043.337,1.172,1.172,0,0,1-1.176,1.176,1.237,1.237,0,0,1-.337-.043,1,1,0,0,1-.312-.159,2.76,2.76,0,0,1-.233-.184q-.073-.068-.264-.264l-.226-.233a1.19,1.19,0,0,0-.4.895,1.134,1.134,0,0,0,.343.833L15.837,19.3a1.13,1.13,0,0,0,.833.331,1.18,1.18,0,0,0,.833-.318l1.8-1.789a1.12,1.12,0,0,0,.343-.821Zm-8.615-8.64a1.134,1.134,0,0,0-.343-.833L8.163,4.7a1.134,1.134,0,0,0-.833-.343,1.184,1.184,0,0,0-.833.331L4.7,6.473a1.12,1.12,0,0,0-.343.821,1.134,1.134,0,0,0,.343.833l2.549,2.549a1.13,1.13,0,0,0,.833.331,1.184,1.184,0,0,0,.883-.38L8.728,10.4q-.2-.189-.264-.264A2.922,2.922,0,0,1,8.28,9.9a.986.986,0,0,1-.159-.312,1.242,1.242,0,0,1-.043-.337A1.172,1.172,0,0,1,9.254,8.079a1.237,1.237,0,0,1,.337.043,1,1,0,0,1,.312.159,2.761,2.761,0,0,1,.233.184q.073.068.264.264l.226.233a1.19,1.19,0,0,0,.4-.895ZM22,16.706a3.343,3.343,0,0,1-1.042,2.488l-1.8,1.789a3.536,3.536,0,0,1-4.988-.025l-2.525-2.537a3.384,3.384,0,0,1-1.017-2.488,3.448,3.448,0,0,1,1.078-2.561l-1.078-1.078a3.434,3.434,0,0,1-2.549,1.078,3.4,3.4,0,0,1-2.5-1.029L3.029,9.794A3.4,3.4,0,0,1,2,7.294,3.343,3.343,0,0,1,3.042,4.806l1.8-1.789A3.384,3.384,0,0,1,7.331,2a3.357,3.357,0,0,1,2.5,1.042l2.525,2.537a3.384,3.384,0,0,1,1.017,2.488,3.448,3.448,0,0,1-1.078,2.561l1.078,1.078a3.551,3.551,0,0,1,5.049-.049l2.549,2.549A3.4,3.4,0,0,1,22,16.706Z\"><\/path><\/svg><span class=\"wp-block-social-link-label screen-reader-text\">Link<\/span><\/a><\/li>\n\n<li style=\"color: #ffffff; background-color: #3962e3; \" class=\"wp-social-link wp-social-link-mail wp-block-social-link\"><a href=\"https:\/\/#\"  class=\"wp-block-social-link-anchor\"><svg width=\"24\" height=\"24\" viewBox=\"0 0 24 24\" version=\"1.1\" xmlns=\"http:\/\/www.w3.org\/2000\/svg\" aria-hidden=\"true\" focusable=\"false\"><path d=\"M20,4H4C2.895,4,2,4.895,2,6v12c0,1.105,0.895,2,2,2h16c1.105,0,2-0.895,2-2V6C22,4.895,21.105,4,20,4z M20,8.236l-8,4.882 L4,8.236V6h16V8.236z\"><\/path><\/svg><span class=\"wp-block-social-link-label screen-reader-text\">Mail<\/span><\/a><\/li><\/ul>\n","protected":false},"excerpt":{"rendered":"<p>In meiner ganzheitlichen Wohlf\u00fchlpraxis stehen Ihr Wohlbefinden und Ihre Gesundheit im Mittelpunkt.In einer harmonischen und einladenden Atmosph\u00e4re biete ich Ihnen verschiedene Behandlungen und Therapien an, die darauf abzielen, K\u00f6rper, Geist und Seele in Einklang zu bringen. Ich begleite Sie auf &hellip; <a href=\"http:\/\/sandra-schluzy.de\/cms\/\">Weiterlesen <span class=\"meta-nav\">&rarr;<\/span><\/a><\/p>\n","protected":false},"author":1,"featured_media":0,"parent":0,"menu_order":0,"comment_status":"closed","ping_status":"closed","template":"","meta":[],"_links":{"self":[{"href":"http:\/\/sandra-schluzy.de\/cms\/wp-json\/wp\/v2\/pages\/15"}],"collection":[{"href":"http:\/\/sandra-schluzy.de\/cms\/wp-json\/wp\/v2\/pages"}],"about":[{"href":"http:\/\/sandra-schluzy.de\/cms\/wp-json\/wp\/v2\/types\/page"}],"author":[{"embeddable":true,"href":"http:\/\/sandra-schluzy.de\/cms\/wp-json\/wp\/v2\/users\/1"}],"replies":[{"embeddable":true,"href":"http:\/\/sandra-schluzy.de\/cms\/wp-json\/wp\/v2\/comments?post=15"}],"version-history":[{"count":32,"href":"http:\/\/sandra-schluzy.de\/cms\/wp-json\/wp\/v2\/pages\/15\/revisions"}],"predecessor-version":[{"id":236,"href":"http:\/\/sandra-schluzy.de\/cms\/wp-json\/wp\/v2\/pages\/15\/revisions\/236"}],"wp:attachment":[{"href":"http:\/\/sandra-schluzy.de\/cms\/wp-json\/wp\/v2\/media?parent=15"}],"curies":[{"name":"wp","href":"https:\/\/api.w.org\/{rel}","templated":true}]}}