{"id":17,"date":"2015-09-17T16:14:24","date_gmt":"2015-09-17T14:14:24","guid":{"rendered":"http:\/\/sandra-schluzy.de\/cms\/?page_id=17"},"modified":"2022-11-22T11:11:50","modified_gmt":"2022-11-22T10:11:50","slug":"kontakte","status":"publish","type":"page","link":"http:\/\/sandra-schluzy.de\/cms\/kontakte\/","title":{"rendered":"Kontakte\/Impressum"},"content":{"rendered":"<p>Sandra Schluzy<br \/>\nGanzheitliche Wohlf\u00fchlpraxis<\/p>\n<p>Massage &amp; Entspannungstherapeutin<\/p>\n<p>Yogalehrerin<\/p>\n<p>ganzheitliche Ern\u00e4hrungsberaterin<\/p>\n<p>Access Bars Facilitator<\/p>\n<p><a href=\"https:\/\/www.facebook.com\/search\/top\/?q=ganzheitliche%20wohlfuhlpraxis\" target=\"_blank\" rel=\"noopener\"><img decoding=\"async\" loading=\"lazy\" class=\"alignnone wp-image-171\" src=\"http:\/\/sandra-schluzy.de\/cms\/wp-content\/uploads\/2018\/05\/facebook.gif\" alt=\"facebook\" width=\"46\" height=\"46\" \/><\/a><\/p>\n<p>03099 Kolkwitz<br \/>\nBerliner Stra\u00dfe 146<\/p>\n<p>mobil: 0157 53 61 65 26<\/p>\n<p><a href=\"mailto:info@sandra-schluzy.de\">info@sandra-schluzy.de<\/a><br \/>\nwww.sandra-schluzy.de<\/p>\n","protected":false},"excerpt":{"rendered":"<p>Sandra Schluzy Ganzheitliche Wohlf\u00fchlpraxis Massage &amp; Entspannungstherapeutin Yogalehrerin ganzheitliche Ern\u00e4hrungsberaterin Access Bars Facilitator 03099 Kolkwitz Berliner Stra\u00dfe 146 mobil: 0157 53 61 65 26 info@sandra-schluzy.de www.sandra-schluzy.de<\/p>\n","protected":false},"author":1,"featured_media":0,"parent":0,"menu_order":0,"comment_status":"closed","ping_status":"closed","template":"onecolumn-page.php","meta":[],"_links":{"self":[{"href":"http:\/\/sandra-schluzy.de\/cms\/wp-json\/wp\/v2\/pages\/17"}],"collection":[{"href":"http:\/\/sandra-schluzy.de\/cms\/wp-json\/wp\/v2\/pages"}],"about":[{"href":"http:\/\/sandra-schluzy.de\/cms\/wp-json\/wp\/v2\/types\/page"}],"author":[{"embeddable":true,"href":"http:\/\/sandra-schluzy.de\/cms\/wp-json\/wp\/v2\/users\/1"}],"replies":[{"embeddable":true,"href":"http:\/\/sandra-schluzy.de\/cms\/wp-json\/wp\/v2\/comments?post=17"}],"version-history":[{"count":16,"href":"http:\/\/sandra-schluzy.de\/cms\/wp-json\/wp\/v2\/pages\/17\/revisions"}],"predecessor-version":[{"id":192,"href":"http:\/\/sandra-schluzy.de\/cms\/wp-json\/wp\/v2\/pages\/17\/revisions\/192"}],"wp:attachment":[{"href":"http:\/\/sandra-schluzy.de\/cms\/wp-json\/wp\/v2\/media?parent=17"}],"curies":[{"name":"wp","href":"https:\/\/api.w.org\/{rel}","templated":true}]}}